{"id":20,"date":"2019-06-13T12:52:51","date_gmt":"2019-06-13T12:52:51","guid":{"rendered":"http:\/\/tarpenbek-schafe.de\/?page_id=20"},"modified":"2019-12-17T10:27:54","modified_gmt":"2019-12-17T10:27:54","slug":"norderstedter-tarpenbek-schafe","status":"publish","type":"page","link":"http:\/\/tarpenbek-schafe.de\/","title":{"rendered":"Norderstedter Tarpenbek-Schafe"},"content":{"rendered":"\n<p>Meine Schafe geh\u00f6ren, auch wenn es Nutztiere sind,  seit Beginn meiner Schafhaltung zur Familie. Die besten Tage sind die, an denen ich fr\u00fch morgens vor meinem Job meine \u201eVersorgungsrunde\u201c mache und Zeit mit den Schafen verbringe.<\/p>\n\n\n\n<p>Die Schafe sind ganzj\u00e4hrig auf der Weide und entscheiden selber ob sie im Freien schlafen, in kleinen Verb\u00e4nden mit ihren bevorzugten Herdenmitgliedern oder auf kuscheligem Stroh im Unterstand.<\/p>\n\n\n\n<p>Das Winterfutter stammt von den eigenen Weiden, die im Wechsel beweidet oder gem\u00e4ht werden. So wei\u00df ich welche Kr\u00e4uter und Gr\u00e4ser in Futter enthalten sind. Zus\u00e4tzlich gibt es Leckereien wie \u00c4pfel, Karotten und Br\u00f6tchen \u2013 sowie Quetschhafer w\u00e4hrend der Lammzeit. In einer artgerechten Haltung brauchen Schafe kein Antibiotika.<\/p>\n\n\n\n<p>Die Schafsmilch der Auen steht ausschlie\u00dflich den L\u00e4mmern zu. Sie gibt den Jungtieren die Abwehrkraft, die ein Weidetier braucht um gesund gro\u00df zu werden.<\/p>\n\n\n\n<p>Unter diesen Voraussetzungen kann ich meinen Tieren eine lebenswerte Haltung bieten, damit nach einer stressfreien Schlachtung Fleisch entsteht, dass meinen Werten und Vorstellungen entspricht.<\/p>\n","protected":false},"excerpt":{"rendered":"<p>Meine Schafe geh\u00f6ren, auch wenn es Nutztiere sind, seit Beginn meiner Schafhaltung zur Familie. Die besten Tage sind die, an denen ich fr\u00fch morgens vor meinem Job meine \u201eVersorgungsrunde\u201c mache und Zeit mit den Schafen verbringe. Die Schafe sind ganzj\u00e4hrig auf der Weide und entscheiden selber ob sie im Freien schlafen, in kleinen Verb\u00e4nden mit &hellip; <\/p>\n<p class=\"link-more\"><a href=\"http:\/\/tarpenbek-schafe.de\/\" class=\"more-link\"><span class=\"screen-reader-text\">\u201eNorderstedter Tarpenbek-Schafe\u201c<\/span> weiterlesen<\/a><\/p>\n","protected":false},"author":1,"featured_media":0,"parent":0,"menu_order":0,"comment_status":"closed","ping_status":"closed","template":"","meta":[],"_links":{"self":[{"href":"http:\/\/tarpenbek-schafe.de\/index.php?rest_route=\/wp\/v2\/pages\/20"}],"collection":[{"href":"http:\/\/tarpenbek-schafe.de\/index.php?rest_route=\/wp\/v2\/pages"}],"about":[{"href":"http:\/\/tarpenbek-schafe.de\/index.php?rest_route=\/wp\/v2\/types\/page"}],"author":[{"embeddable":true,"href":"http:\/\/tarpenbek-schafe.de\/index.php?rest_route=\/wp\/v2\/users\/1"}],"replies":[{"embeddable":true,"href":"http:\/\/tarpenbek-schafe.de\/index.php?rest_route=%2Fwp%2Fv2%2Fcomments&post=20"}],"version-history":[{"count":4,"href":"http:\/\/tarpenbek-schafe.de\/index.php?rest_route=\/wp\/v2\/pages\/20\/revisions"}],"predecessor-version":[{"id":133,"href":"http:\/\/tarpenbek-schafe.de\/index.php?rest_route=\/wp\/v2\/pages\/20\/revisions\/133"}],"wp:attachment":[{"href":"http:\/\/tarpenbek-schafe.de\/index.php?rest_route=%2Fwp%2Fv2%2Fmedia&parent=20"}],"curies":[{"name":"wp","href":"https:\/\/api.w.org\/{rel}","templated":true}]}}