{"id":46,"date":"2019-07-22T16:30:19","date_gmt":"2019-07-22T16:30:19","guid":{"rendered":"http:\/\/tarpenbek-schafe.de\/?page_id=46"},"modified":"2019-12-01T09:07:37","modified_gmt":"2019-12-01T09:07:37","slug":"wie-alles-begann","status":"publish","type":"page","link":"http:\/\/tarpenbek-schafe.de\/?page_id=46","title":{"rendered":"Wie alles begann&#8230;"},"content":{"rendered":"\n<p>&#8230;als ich bei einer Autofahrt er\u00f6ffnet habe, dass ich versuchen m\u00f6cht Schafe zu halten, schaute ich in ein \u00fcberraschtes Gesicht.<\/p>\n\n\n\n<p>Das war im Weihnachtsurlaub 2015 !<\/p>\n\n\n\n<p>Nach sechs Monaten Planung und Anmeldeverfahren hatte ich eine Weide und die entsprechenden Zulassungen.<\/p>\n\n\n\n<p>Damals war der Plan eine kleine Herde mit vier Schafen (Auen) zu halten und einen Deckbock zu &#8222;leihen&#8220;.<\/p>\n\n\n\n<p>Da tats\u00e4chlich Sch\u00e4fer ungerne ihre B\u00f6cke verleihen, kam Anfang November Balu zu uns.<\/p>\n\n\n\n<p>Seither entwickelt sich eine lustige, bunte Truppe Schafe.<\/p>\n\n\n\n<p>&#8222;Verhaltensauff\u00e4llig&#8220; hat der Schafscherer dieses Jahr gesagt&#8230; richtig, denn meine Tiere sind uns gegen\u00fcber&nbsp;offen und angstfrei.<\/p>\n\n\n\n<p>Unser Balu l\u00e4uft sogar oft mit den Zaun neben mir ab.<\/p>\n","protected":false},"excerpt":{"rendered":"<p>&#8230;als ich bei einer Autofahrt er\u00f6ffnet habe, dass ich versuchen m\u00f6cht Schafe zu halten, schaute ich in ein \u00fcberraschtes Gesicht. Das war im Weihnachtsurlaub 2015 ! Nach sechs Monaten Planung und Anmeldeverfahren hatte ich eine Weide und die entsprechenden Zulassungen. Damals war der Plan eine kleine Herde mit vier Schafen (Auen) zu halten und einen &hellip; <\/p>\n<p class=\"link-more\"><a href=\"http:\/\/tarpenbek-schafe.de\/?page_id=46\" class=\"more-link\"><span class=\"screen-reader-text\">\u201eWie alles begann&#8230;\u201c<\/span> weiterlesen<\/a><\/p>\n","protected":false},"author":1,"featured_media":120,"parent":0,"menu_order":0,"comment_status":"closed","ping_status":"closed","template":"","meta":[],"_links":{"self":[{"href":"http:\/\/tarpenbek-schafe.de\/index.php?rest_route=\/wp\/v2\/pages\/46"}],"collection":[{"href":"http:\/\/tarpenbek-schafe.de\/index.php?rest_route=\/wp\/v2\/pages"}],"about":[{"href":"http:\/\/tarpenbek-schafe.de\/index.php?rest_route=\/wp\/v2\/types\/page"}],"author":[{"embeddable":true,"href":"http:\/\/tarpenbek-schafe.de\/index.php?rest_route=\/wp\/v2\/users\/1"}],"replies":[{"embeddable":true,"href":"http:\/\/tarpenbek-schafe.de\/index.php?rest_route=%2Fwp%2Fv2%2Fcomments&post=46"}],"version-history":[{"count":4,"href":"http:\/\/tarpenbek-schafe.de\/index.php?rest_route=\/wp\/v2\/pages\/46\/revisions"}],"predecessor-version":[{"id":126,"href":"http:\/\/tarpenbek-schafe.de\/index.php?rest_route=\/wp\/v2\/pages\/46\/revisions\/126"}],"wp:featuredmedia":[{"embeddable":true,"href":"http:\/\/tarpenbek-schafe.de\/index.php?rest_route=\/wp\/v2\/media\/120"}],"wp:attachment":[{"href":"http:\/\/tarpenbek-schafe.de\/index.php?rest_route=%2Fwp%2Fv2%2Fmedia&parent=46"}],"curies":[{"name":"wp","href":"https:\/\/api.w.org\/{rel}","templated":true}]}}