{"id":47,"date":"2019-07-22T16:30:19","date_gmt":"2019-07-22T16:30:19","guid":{"rendered":"http:\/\/tarpenbek-schafe.de\/?page_id=47"},"modified":"2019-12-01T09:07:04","modified_gmt":"2019-12-01T09:07:04","slug":"der-gedanke-dahinter","status":"publish","type":"page","link":"http:\/\/tarpenbek-schafe.de\/?page_id=47","title":{"rendered":"Der Gedanke dahinter&#8230;"},"content":{"rendered":"\n<p><strong>Was bei mir anders ist ?\u00a0<\/strong><\/p>\n\n\n\n<p>&#8222;Verhaltensauff\u00e4llig&#8220; hat der Schafscherer dieses Jahr gesagt&#8230; richtig, denn meine Tiere sind uns gegen\u00fcber&nbsp;offen und angstfrei.<\/p>\n\n\n\n<p>Unser Balu l\u00e4uft sogar oft mit den Zaun neben mir ab, wenn ich meine Kontrolle mache. Das liegt zum einen daran, dass ich viel Zeit mit den Schafen verbringe, aber sie wissen auch, dass sie nur Gutes von mir zu erwarten haben.<\/p>\n\n\n\n<p>Die Fahrzeuge kennen die Tiere \u2013 sobald man vor der Weide anh\u00e4lt wird bereits \u201eMeldung\u201c in der Herde gemacht und die Herde kommt direkt an den Zaun zum Begr\u00fc\u00dfen.<\/p>\n\n\n\n<p>Die L\u00e4mmer bleiben in der Herde mit den M\u00fcttern zusammen und werden auch von den \u201eTanten\u201c mit sozialisiert und zum Spielen animiert.&nbsp;<\/p>\n\n\n\n<p>Die B\u00f6cke sind \u00fcber Sommer f\u00fcr sich auf einem kleinen Bauernhof mit Familienanschluss untergebracht. Erst im Herbst hole ich die Jungs zum mir auf die Weiden und stelle sie gezielt mit den Auen zusammen. So kann ich steuern welche Aue von welchem Bock gedeckt wir, damit keine Inzucht entsteht.<\/p>\n\n\n\n<p>Au\u00dferdem kann ich so daf\u00fcr sorgen, dass die L\u00e4mmer \u201eins gr\u00fcner Gras fallen\u201c. Grunds\u00e4tzlich lammen einige Schafe \/ Rassen auch im Winter, aber es ist deutlich sch\u00f6ner , wenn die Weiden nahrhaft sind und die Mutterschafe die sehr zehrende Laktationsphase m\u00f6glichst ohne Gewichtsverlust durchstehen.<\/p>\n\n\n\n<p>Dadurch, dass ich die P\u00e4rchenbildung vorgebe, kann ich auch daf\u00fcr sorgen, dass die Mutterschafe nicht im darauffolgenden Fr\u00fchjahr wieder lammen. Meine Mutterschafe werden nur alle zwei Jahre gedeckt und die Jungtiere haben ebenfalls ein Jahr zum Aufwachsen. Im Normalfall geht der Bock auch auf die L\u00e4mmer (also unter 12 Monaten alt) und auf die Auen, die noch ihren Nachwuchs n\u00e4hren.<\/p>\n\n\n\n<p>Dementsprechend sind die Tiere, die ich gehen lasse meist \u00e4lter als in einer konventionellen Haltung.&nbsp;<\/p>\n\n\n\n<p><strong>Der Tag ist dann echt schon sehr gebraucht&#8230;<\/strong><\/p>\n\n\n\n<p>Sonnenaufgang \u00fcber der Schafswiese, leichter Nebel&#8230;es gibt morgendliche Streicheleinheiten (wer denn schon aufstehen mal) und eine kleine Leckerei aus dem Eimer&#8230; die sch\u00f6nste Seite meines Hobbies.<\/p>\n\n\n\n<p>&#8230;und dann werden zwei Schafe mit Br\u00f6tchen und Leckerei in den Viehanh\u00e4nger verladen. ohne gro\u00dfes Misttrauen.&nbsp;Meine Tiere kennen das Prozedere. Es geht dann zur neuen Weide oder zu den B\u00f6cken.<\/p>\n\n\n\n<p>Bis&nbsp;wir die Schlachttiere gehen lassen ist der Ablauf identisch zum Umweiden. keinem der Beteiligten an dem Tag ist es egal, was oder wie es abl\u00e4uft. Den ausf\u00fchrenden Dorfschlachter habe ich \u00fcber Empfehlung gefunden und seine ruhige, sachliche Art und Arbeitsweise&nbsp;passt zu meiner Vorstellung eines vertretbaren und&nbsp;w\u00fcrdigen&nbsp;Schlachtvorganges.&nbsp;<\/p>\n\n\n\n<p>Sch\u00f6n? Nein, aber ich wei\u00df, wof\u00fcr ich es tue.<\/p>\n\n\n\n<p>Ein Tier weniger, dass sein kurzes Leben in Angst und r\u00e4umlicher Enge verbracht hat. Das dann zusammengedr\u00fcckt mit unz\u00e4hligen Artgenossen mit, mit denen vielleicht nie vorher Kontakt war, zu einer piet\u00e4tlosen, unw\u00fcrdigen Schlachtung gefahren wird.&nbsp;<\/p>\n\n\n\n<p>&#8230;und noch eins ist mir sehr wichtig: durch die Vorbestellung kann ich steuern wie das Fleisch zerlegt wird. Das h\u00f6rt sich banal an, aber ist das komplette Gegenteil unserer Frischetheken. Verkauft werden kann eben nur was da ist. So erkl\u00e4rt sich dann, dass doch mal nicht ausreichend Gulasch oder Hack verkauft werden kann.&nbsp;<\/p>\n\n\n\n<p>Bleiben am Ende noch bis zu 45-55% Schlachtabfall &#8211; absurd f\u00fcr mich. Daher werden auch gerne die Vierbeiner bei uns mitbedacht. Was gesetzlich freigegeben wird, kann gerne&nbsp;nachgefragt werden.<\/p>\n","protected":false},"excerpt":{"rendered":"<p>Was bei mir anders ist ?\u00a0 &#8222;Verhaltensauff\u00e4llig&#8220; hat der Schafscherer dieses Jahr gesagt&#8230; richtig, denn meine Tiere sind uns gegen\u00fcber&nbsp;offen und angstfrei. Unser Balu l\u00e4uft sogar oft mit den Zaun neben mir ab, wenn ich meine Kontrolle mache. Das liegt zum einen daran, dass ich viel Zeit mit den Schafen verbringe, aber sie wissen auch, &hellip; <\/p>\n<p class=\"link-more\"><a href=\"http:\/\/tarpenbek-schafe.de\/?page_id=47\" class=\"more-link\"><span class=\"screen-reader-text\">\u201eDer Gedanke dahinter&#8230;\u201c<\/span> weiterlesen<\/a><\/p>\n","protected":false},"author":1,"featured_media":119,"parent":0,"menu_order":0,"comment_status":"closed","ping_status":"closed","template":"","meta":[],"_links":{"self":[{"href":"http:\/\/tarpenbek-schafe.de\/index.php?rest_route=\/wp\/v2\/pages\/47"}],"collection":[{"href":"http:\/\/tarpenbek-schafe.de\/index.php?rest_route=\/wp\/v2\/pages"}],"about":[{"href":"http:\/\/tarpenbek-schafe.de\/index.php?rest_route=\/wp\/v2\/types\/page"}],"author":[{"embeddable":true,"href":"http:\/\/tarpenbek-schafe.de\/index.php?rest_route=\/wp\/v2\/users\/1"}],"replies":[{"embeddable":true,"href":"http:\/\/tarpenbek-schafe.de\/index.php?rest_route=%2Fwp%2Fv2%2Fcomments&post=47"}],"version-history":[{"count":3,"href":"http:\/\/tarpenbek-schafe.de\/index.php?rest_route=\/wp\/v2\/pages\/47\/revisions"}],"predecessor-version":[{"id":125,"href":"http:\/\/tarpenbek-schafe.de\/index.php?rest_route=\/wp\/v2\/pages\/47\/revisions\/125"}],"wp:featuredmedia":[{"embeddable":true,"href":"http:\/\/tarpenbek-schafe.de\/index.php?rest_route=\/wp\/v2\/media\/119"}],"wp:attachment":[{"href":"http:\/\/tarpenbek-schafe.de\/index.php?rest_route=%2Fwp%2Fv2%2Fmedia&parent=47"}],"curies":[{"name":"wp","href":"https:\/\/api.w.org\/{rel}","templated":true}]}}