{"id":60,"date":"2019-07-23T11:06:44","date_gmt":"2019-07-23T11:06:44","guid":{"rendered":"http:\/\/tarpenbek-schafe.de\/?page_id=60"},"modified":"2019-07-23T13:01:29","modified_gmt":"2019-07-23T13:01:29","slug":"newsletter","status":"publish","type":"page","link":"http:\/\/tarpenbek-schafe.de\/?page_id=60","title":{"rendered":"Newsletter"},"content":{"rendered":"\n<p>Abonnieren Sie unseren Newsletter.<\/p>\n\n\n\n<p>Schreiben Sie uns eine Mail mit dem Betreff \u201eNewsletter\u201c und wir schicken Ihnen die aktuellen Termine zu.&nbsp;<\/p>\n\n\n\n<p>Mit dem abonnieren des Newsletter erkl\u00e4ren sie sich damit einverstanden, dass die Norderstedter Tarpenbek-Schafe \u00fcber ausgew\u00e4hlte Themen, insbesondere Schlachttermine informieren darf.<\/p>\n\n\n\n<p>Die Daten werden ausschlie\u00dflich zu diesem Zweck genutzt. Insbesondere erfolgt keine Weitergabe an unberechtigte Dritte.<\/p>\n\n\n\n<p>Sie k\u00f6nnen ihre Einwilligung jederzeit mit Wirkung f\u00fcr die Zukunft widerrufen.<\/p>\n\n\n\n<p>Dies k\u00f6nnen Sie tun, indem Sie eine E-Mail an: Info @tarpenbek-schafe.de mit dem Betreff \u201eNewsletter abmelden\u201c senden.&nbsp;<\/p>\n\n\n\n<p>Es gilt die Datenschutzerkl\u00e4rung (Link zur\u00a0http:\/\/www. tarpenbek-schafe.de\/datenschutzerkl\u00e4rung\/), die auch weitere Informationen \u00fcber M\u00f6glichkeiten zur Berichtigung, L\u00f6schung und Sperrung meiner Daten beinhaltet. Sie stimme dem Erhalt dieses Newsletters zu und wissen, dass sie sich jederzeit problemlos abmelden k\u00f6nnen.<\/p>\n","protected":false},"excerpt":{"rendered":"<p>Abonnieren Sie unseren Newsletter. Schreiben Sie uns eine Mail mit dem Betreff \u201eNewsletter\u201c und wir schicken Ihnen die aktuellen Termine zu.&nbsp; Mit dem abonnieren des Newsletter erkl\u00e4ren sie sich damit einverstanden, dass die Norderstedter Tarpenbek-Schafe \u00fcber ausgew\u00e4hlte Themen, insbesondere Schlachttermine informieren darf. Die Daten werden ausschlie\u00dflich zu diesem Zweck genutzt. Insbesondere erfolgt keine Weitergabe an &hellip; <\/p>\n<p class=\"link-more\"><a href=\"http:\/\/tarpenbek-schafe.de\/?page_id=60\" class=\"more-link\"><span class=\"screen-reader-text\">\u201eNewsletter\u201c<\/span> weiterlesen<\/a><\/p>\n","protected":false},"author":1,"featured_media":0,"parent":0,"menu_order":0,"comment_status":"closed","ping_status":"closed","template":"","meta":[],"_links":{"self":[{"href":"http:\/\/tarpenbek-schafe.de\/index.php?rest_route=\/wp\/v2\/pages\/60"}],"collection":[{"href":"http:\/\/tarpenbek-schafe.de\/index.php?rest_route=\/wp\/v2\/pages"}],"about":[{"href":"http:\/\/tarpenbek-schafe.de\/index.php?rest_route=\/wp\/v2\/types\/page"}],"author":[{"embeddable":true,"href":"http:\/\/tarpenbek-schafe.de\/index.php?rest_route=\/wp\/v2\/users\/1"}],"replies":[{"embeddable":true,"href":"http:\/\/tarpenbek-schafe.de\/index.php?rest_route=%2Fwp%2Fv2%2Fcomments&post=60"}],"version-history":[{"count":3,"href":"http:\/\/tarpenbek-schafe.de\/index.php?rest_route=\/wp\/v2\/pages\/60\/revisions"}],"predecessor-version":[{"id":73,"href":"http:\/\/tarpenbek-schafe.de\/index.php?rest_route=\/wp\/v2\/pages\/60\/revisions\/73"}],"wp:attachment":[{"href":"http:\/\/tarpenbek-schafe.de\/index.php?rest_route=%2Fwp%2Fv2%2Fmedia&parent=60"}],"curies":[{"name":"wp","href":"https:\/\/api.w.org\/{rel}","templated":true}]}}